{"id":2,"date":"2016-05-16T23:40:37","date_gmt":"2016-05-16T23:40:37","guid":{"rendered":"https:\/\/soficaceresk.com\/blog\/?page_id=2"},"modified":"2016-12-31T10:51:46","modified_gmt":"2016-12-31T10:51:46","slug":"acerca_de","status":"publish","type":"page","link":"https:\/\/soficaceresk.com\/blog\/acerca_de\/","title":{"rendered":"\u00bfPor qu\u00e9 &#8220;bendable&#8221;?"},"content":{"rendered":"<p><strong>\u00a1Bienvenido\/a a este espacio!<\/strong> \ud83d\ude42<\/p>\n<p>Para entender el por qu\u00e9 y el para qu\u00e9 de este Blog, permitime iniciar definiendo la palabra:<\/p>\n<blockquote><p><strong><em>F<img decoding=\"async\" loading=\"lazy\" class=\"size-medium wp-image-21 alignleft\" src=\"https:\/\/soficaceresk.com\/blog\/wp-content\/uploads\/2016\/05\/image-300x300.jpeg\" alt=\"image\" width=\"300\" height=\"300\" srcset=\"https:\/\/soficaceresk.com\/blog\/wp-content\/uploads\/2016\/05\/image-300x300.jpeg 300w, https:\/\/soficaceresk.com\/blog\/wp-content\/uploads\/2016\/05\/image-150x150.jpeg 150w, https:\/\/soficaceresk.com\/blog\/wp-content\/uploads\/2016\/05\/image.jpeg 640w\" sizes=\"(max-width: 300px) 100vw, 300px\" \/>lexible<\/em><\/strong><br \/>\nAdj. 1. Capaz\u00a0de doblarse f\u00e1cilmente y sin que exista peligro de que se rompa. 2. Capaz de adaptarse a las diversas circunstancias.<\/p>\n<p><strong><em>Bendable<\/em><\/strong><br \/>\nAdj. Capable of being bent or flexed or twisted without breaking.<\/p><\/blockquote>\n<p>Hace un par de a\u00f1os, escuch\u00e9 las palabras de una amiga muy sabia: <strong>&#8220;Si eres una persona dura, en alg\u00fan momento corres el riesgo de romperte. Lo r\u00edgido se quiebra.&#8221;<\/strong><\/p>\n<p>Pens\u00e1\u00a0en un vaso, un celular (por qu\u00e9 no?), o hasta una piedra. Es la inflexibilidad de estos elementos, lo que hace que en circunstancias adversas, se rajen y queden averiados para siempre.<\/p>\n<p>En este blog vas a encontrar\u00a0<strong>informaci\u00f3n y opiniones que escribo desde mi coraz\u00f3n y mis vivencias<\/strong>&#8230; Espero que lo disfrutes. Sentite en libertad de compartir lo que te guste \ud83d\ude42<\/p>\n<p>En estos cortos a\u00f1os de vida vi de qu\u00e9 manera,\u00a0<strong>personas como vos y como yo<\/strong>, por su capacidad de <em>ser flexibles<\/em> a la vida\u00a0y su trabajo en la\u00a0<em>resiliencia,<\/em> han podido <strong>superar las situaciones m\u00e1s dif\u00edciles<\/strong>. Han perdonado hasta lo que parec\u00eda imperdonable. Han tenido un <strong>nuevo comienzo<\/strong>. Y esto nada tiene que ver con dejarse dominar por cualquiera.\u00a0<strong>Se debe ser una persona flexible<\/strong> (o &#8220;bendable&#8221; en ingl\u00e9s), hasta para saber en qu\u00e9 momentos mantenerse\u00a0firme y hasta cu\u00e1nto se debe ceder.<\/p>\n<p>Bendable para negociar.<img decoding=\"async\" loading=\"lazy\" class=\"size-thumbnail wp-image-24 alignright\" src=\"https:\/\/soficaceresk.com\/blog\/wp-content\/uploads\/2016\/05\/sofi_caceres-150x150.jpg\" alt=\"sofi_caceres\" width=\"150\" height=\"150\" srcset=\"https:\/\/soficaceresk.com\/blog\/wp-content\/uploads\/2016\/05\/sofi_caceres-150x150.jpg 150w, https:\/\/soficaceresk.com\/blog\/wp-content\/uploads\/2016\/05\/sofi_caceres-300x300.jpg 300w, https:\/\/soficaceresk.com\/blog\/wp-content\/uploads\/2016\/05\/sofi_caceres.jpg 612w\" sizes=\"(max-width: 150px) 100vw, 150px\" \/><br \/>\nBendable para viajar<br \/>\nBendable para adquirir nuevas experiencias.<br \/>\nBendable para aprender.<br \/>\nBendable hasta para comer.<br \/>\nBendable para amar. \u2764\ufe0f<\/p>\n<p>Sofi C\u00e1ceres de Simari<\/p>\n","protected":false},"excerpt":{"rendered":"<p>\u00a1Bienvenido\/a a este espacio! \ud83d\ude42 Para entender el por qu\u00e9 y el para qu\u00e9 de&#8230;<\/p>\n","protected":false},"author":1,"featured_media":0,"parent":0,"menu_order":0,"comment_status":"closed","ping_status":"closed","template":"","meta":[],"yoast_head":"<!-- This site is optimized with the Yoast SEO plugin v21.1 - https:\/\/yoast.com\/wordpress\/plugins\/seo\/ -->\n<title>\u00bfPor qu\u00e9 &quot;bendable&quot;? - Bendable<\/title>\n<meta name=\"robots\" content=\"index, follow, max-snippet:-1, max-image-preview:large, max-video-preview:-1\" \/>\n<link rel=\"canonical\" href=\"https:\/\/soficaceresk.com\/blog\/acerca_de\/\" \/>\n<meta property=\"og:locale\" content=\"en_US\" \/>\n<meta property=\"og:type\" content=\"article\" \/>\n<meta property=\"og:title\" content=\"\u00bfPor qu\u00e9 &quot;bendable&quot;? - Bendable\" \/>\n<meta property=\"og:description\" content=\"\u00a1Bienvenido\/a a este espacio! \ud83d\ude42 Para entender el por qu\u00e9 y el para qu\u00e9 de...\" \/>\n<meta property=\"og:url\" content=\"https:\/\/soficaceresk.com\/blog\/acerca_de\/\" \/>\n<meta property=\"og:site_name\" content=\"Bendable\" \/>\n<meta property=\"article:publisher\" content=\"https:\/\/facebook.com\/soficaceresk\" \/>\n<meta property=\"article:modified_time\" content=\"2016-12-31T10:51:46+00:00\" \/>\n<meta property=\"og:image\" content=\"https:\/\/soficaceresk.com\/blog\/wp-content\/uploads\/2016\/05\/image-300x300.jpeg\" \/>\n<meta name=\"twitter:card\" content=\"summary_large_image\" \/>\n<meta name=\"twitter:site\" content=\"@soficaceresk\" \/>\n<meta name=\"twitter:label1\" content=\"Est. reading time\" \/>\n\t<meta name=\"twitter:data1\" content=\"1 minute\" \/>\n<script type=\"application\/ld+json\" class=\"yoast-schema-graph\">{\"@context\":\"https:\/\/schema.org\",\"@graph\":[{\"@type\":\"WebPage\",\"@id\":\"https:\/\/soficaceresk.com\/blog\/acerca_de\/\",\"url\":\"https:\/\/soficaceresk.com\/blog\/acerca_de\/\",\"name\":\"\u00bfPor qu\u00e9 \\\"bendable\\\"? - Bendable\",\"isPartOf\":{\"@id\":\"https:\/\/soficaceresk.com\/blog\/#website\"},\"datePublished\":\"2016-05-16T23:40:37+00:00\",\"dateModified\":\"2016-12-31T10:51:46+00:00\",\"breadcrumb\":{\"@id\":\"https:\/\/soficaceresk.com\/blog\/acerca_de\/#breadcrumb\"},\"inLanguage\":\"en-US\",\"potentialAction\":[{\"@type\":\"ReadAction\",\"target\":[\"https:\/\/soficaceresk.com\/blog\/acerca_de\/\"]}]},{\"@type\":\"BreadcrumbList\",\"@id\":\"https:\/\/soficaceresk.com\/blog\/acerca_de\/#breadcrumb\",\"itemListElement\":[{\"@type\":\"ListItem\",\"position\":1,\"name\":\"Home\",\"item\":\"https:\/\/soficaceresk.com\/blog\/\"},{\"@type\":\"ListItem\",\"position\":2,\"name\":\"\u00bfPor qu\u00e9 &#8220;bendable&#8221;?\"}]},{\"@type\":\"WebSite\",\"@id\":\"https:\/\/soficaceresk.com\/blog\/#website\",\"url\":\"https:\/\/soficaceresk.com\/blog\/\",\"name\":\"Bendable \/ Blog de Sofi Caceres K\",\"description\":\"Escrito por Sofi Caceres\",\"publisher\":{\"@id\":\"https:\/\/soficaceresk.com\/blog\/#organization\"},\"potentialAction\":[{\"@type\":\"SearchAction\",\"target\":{\"@type\":\"EntryPoint\",\"urlTemplate\":\"https:\/\/soficaceresk.com\/blog\/?s={search_term_string}\"},\"query-input\":\"required name=search_term_string\"}],\"inLanguage\":\"en-US\"},{\"@type\":\"Organization\",\"@id\":\"https:\/\/soficaceresk.com\/blog\/#organization\",\"name\":\"Bendable \/ Blog de Sofi Caceres K\",\"url\":\"https:\/\/soficaceresk.com\/blog\/\",\"logo\":{\"@type\":\"ImageObject\",\"inLanguage\":\"en-US\",\"@id\":\"https:\/\/soficaceresk.com\/blog\/#\/schema\/logo\/image\/\",\"url\":\"https:\/\/soficaceresk.com\/blog\/wp-content\/uploads\/2016\/05\/sofi_caceres.jpg\",\"contentUrl\":\"https:\/\/soficaceresk.com\/blog\/wp-content\/uploads\/2016\/05\/sofi_caceres.jpg\",\"width\":612,\"height\":612,\"caption\":\"Bendable \/ Blog de Sofi Caceres K\"},\"image\":{\"@id\":\"https:\/\/soficaceresk.com\/blog\/#\/schema\/logo\/image\/\"},\"sameAs\":[\"https:\/\/facebook.com\/soficaceresk\",\"https:\/\/twitter.com\/soficaceresk\",\"https:\/\/instagram.com\/soficaceresk\"]}]}<\/script>\n<!-- \/ Yoast SEO plugin. -->","yoast_head_json":{"title":"\u00bfPor qu\u00e9 \"bendable\"? - Bendable","robots":{"index":"index","follow":"follow","max-snippet":"max-snippet:-1","max-image-preview":"max-image-preview:large","max-video-preview":"max-video-preview:-1"},"canonical":"https:\/\/soficaceresk.com\/blog\/acerca_de\/","og_locale":"en_US","og_type":"article","og_title":"\u00bfPor qu\u00e9 \"bendable\"? - Bendable","og_description":"\u00a1Bienvenido\/a a este espacio! \ud83d\ude42 Para entender el por qu\u00e9 y el para qu\u00e9 de...","og_url":"https:\/\/soficaceresk.com\/blog\/acerca_de\/","og_site_name":"Bendable","article_publisher":"https:\/\/facebook.com\/soficaceresk","article_modified_time":"2016-12-31T10:51:46+00:00","og_image":[{"url":"https:\/\/soficaceresk.com\/blog\/wp-content\/uploads\/2016\/05\/image-300x300.jpeg"}],"twitter_card":"summary_large_image","twitter_site":"@soficaceresk","twitter_misc":{"Est. reading time":"1 minute"},"schema":{"@context":"https:\/\/schema.org","@graph":[{"@type":"WebPage","@id":"https:\/\/soficaceresk.com\/blog\/acerca_de\/","url":"https:\/\/soficaceresk.com\/blog\/acerca_de\/","name":"\u00bfPor qu\u00e9 \"bendable\"? - Bendable","isPartOf":{"@id":"https:\/\/soficaceresk.com\/blog\/#website"},"datePublished":"2016-05-16T23:40:37+00:00","dateModified":"2016-12-31T10:51:46+00:00","breadcrumb":{"@id":"https:\/\/soficaceresk.com\/blog\/acerca_de\/#breadcrumb"},"inLanguage":"en-US","potentialAction":[{"@type":"ReadAction","target":["https:\/\/soficaceresk.com\/blog\/acerca_de\/"]}]},{"@type":"BreadcrumbList","@id":"https:\/\/soficaceresk.com\/blog\/acerca_de\/#breadcrumb","itemListElement":[{"@type":"ListItem","position":1,"name":"Home","item":"https:\/\/soficaceresk.com\/blog\/"},{"@type":"ListItem","position":2,"name":"\u00bfPor qu\u00e9 &#8220;bendable&#8221;?"}]},{"@type":"WebSite","@id":"https:\/\/soficaceresk.com\/blog\/#website","url":"https:\/\/soficaceresk.com\/blog\/","name":"Bendable \/ Blog de Sofi Caceres K","description":"Escrito por Sofi Caceres","publisher":{"@id":"https:\/\/soficaceresk.com\/blog\/#organization"},"potentialAction":[{"@type":"SearchAction","target":{"@type":"EntryPoint","urlTemplate":"https:\/\/soficaceresk.com\/blog\/?s={search_term_string}"},"query-input":"required name=search_term_string"}],"inLanguage":"en-US"},{"@type":"Organization","@id":"https:\/\/soficaceresk.com\/blog\/#organization","name":"Bendable \/ Blog de Sofi Caceres K","url":"https:\/\/soficaceresk.com\/blog\/","logo":{"@type":"ImageObject","inLanguage":"en-US","@id":"https:\/\/soficaceresk.com\/blog\/#\/schema\/logo\/image\/","url":"https:\/\/soficaceresk.com\/blog\/wp-content\/uploads\/2016\/05\/sofi_caceres.jpg","contentUrl":"https:\/\/soficaceresk.com\/blog\/wp-content\/uploads\/2016\/05\/sofi_caceres.jpg","width":612,"height":612,"caption":"Bendable \/ Blog de Sofi Caceres K"},"image":{"@id":"https:\/\/soficaceresk.com\/blog\/#\/schema\/logo\/image\/"},"sameAs":["https:\/\/facebook.com\/soficaceresk","https:\/\/twitter.com\/soficaceresk","https:\/\/instagram.com\/soficaceresk"]}]}},"_links":{"self":[{"href":"https:\/\/soficaceresk.com\/blog\/wp-json\/wp\/v2\/pages\/2"}],"collection":[{"href":"https:\/\/soficaceresk.com\/blog\/wp-json\/wp\/v2\/pages"}],"about":[{"href":"https:\/\/soficaceresk.com\/blog\/wp-json\/wp\/v2\/types\/page"}],"author":[{"embeddable":true,"href":"https:\/\/soficaceresk.com\/blog\/wp-json\/wp\/v2\/users\/1"}],"replies":[{"embeddable":true,"href":"https:\/\/soficaceresk.com\/blog\/wp-json\/wp\/v2\/comments?post=2"}],"version-history":[{"count":9,"href":"https:\/\/soficaceresk.com\/blog\/wp-json\/wp\/v2\/pages\/2\/revisions"}],"predecessor-version":[{"id":96,"href":"https:\/\/soficaceresk.com\/blog\/wp-json\/wp\/v2\/pages\/2\/revisions\/96"}],"wp:attachment":[{"href":"https:\/\/soficaceresk.com\/blog\/wp-json\/wp\/v2\/media?parent=2"}],"curies":[{"name":"wp","href":"https:\/\/api.w.org\/{rel}","templated":true}]}}